{"id":580,"date":"2018-09-24T09:39:49","date_gmt":"2018-09-24T09:39:49","guid":{"rendered":"http:\/\/wp.vlthemes.com\/leedo\/?page_id=580"},"modified":"2024-05-22T21:46:53","modified_gmt":"2024-05-22T19:46:53","slug":"sobre-mi","status":"publish","type":"page","link":"https:\/\/bearubio.com\/en\/sobre-mi\/","title":{"rendered":"Sobre mi"},"content":{"rendered":"<section class=\"vc_section\"><div class=\"vc_row wpb_row vc_row-fluid vlt-fullheight vc_row-o-equal-height vc_row-o-content-middle vc_row-flex vlt-overflow-none\"><div class=\"vlt-custom--5381 wpb_column vc_column_container vc_col-sm-6\"><div class=\"vc_column-inner\"><div class=\"wpb_wrapper\"><div class=\"vlthemes_custom_69e611b17c80c   vlt-particle\" data-jarallax-element=\"0 0\"><img decoding=\"async\" width=\"408\" height=\"314\" src=\"https:\/\/bearubio.com\/wp-content\/uploads\/2018\/10\/particle-01-black.png\" class=\"\" alt=\"\" srcset=\"https:\/\/bearubio.com\/wp-content\/uploads\/2018\/10\/particle-01-black.png 408w, https:\/\/bearubio.com\/wp-content\/uploads\/2018\/10\/particle-01-black-300x231.png 300w\" loading=\"lazy\" \/><\/div><style type=\"text\/css\">\r\n\t\t\t.vlthemes_custom_69e611b17c80c {\r\n\t\t\t\ttop: -40px; right: -90px; max-width: 250px;\r\n\t\t\t}<\/style><div class=\"ult-spacer spacer-69e611b17cb5d\" data-id=\"69e611b17cb5d\" data-height=\"120\" data-height-mobile=\"120\" data-height-tab=\"120\" data-height-tab-portrait=\"\" data-height-mobile-landscape=\"\" style=\"clear:both;display:block;\"><\/div><div class=\"vlthemes_custom_69e611b17cb6f   vlt-animation-block\" data-aos=\"fade\" data-aos-delay=\"0\"><h5 style=\"font-size: 28px;color: #1f0e49;text-align: left;font-family:Playfair Display;font-weight:700;font-style:italic\" class=\"vc_custom_heading vlt-custom--9503 vc_custom_1566641226621\" >About me<\/h5><\/div><div class=\"ult-spacer spacer-69e611b17d1bb\" data-id=\"69e611b17d1bb\" data-height=\"30\" data-height-mobile=\"30\" data-height-tab=\"30\" data-height-tab-portrait=\"\" data-height-mobile-landscape=\"\" style=\"clear:both;display:block;\"><\/div><div class=\"vlthemes_custom_69e611b17d1cb   vlt-animation-block\" data-aos=\"fade\" data-aos-delay=\"100\"><div id=\"ultimate-heading-13969e611b17d246\" class=\"uvc-heading ult-adjust-bottom-margin ultimate-heading-13969e611b17d246 uvc-5804\" data-hspacer=\"no_spacer\"  data-halign=\"left\" style=\"text-align:left\"><div class=\"uvc-heading-spacer no_spacer\" style=\"top\"><\/div><div class=\"uvc-main-heading ult-responsive\"  data-ultimate-target='.uvc-heading.ultimate-heading-13969e611b17d246 h3'  data-responsive-json-new='{\"font-size\":\"\",\"line-height\":\"\"}' ><h3 style=\"font-family:&#039;Montserrat&#039;;font-weight:700;color:#ee3364;\">I discover problems and design digital solutions.<\/h3><\/div><\/div><\/div><div class=\"ult-spacer spacer-69e611b17d27e\" data-id=\"69e611b17d27e\" data-height=\"30\" data-height-mobile=\"30\" data-height-tab=\"30\" data-height-tab-portrait=\"\" data-height-mobile-landscape=\"\" style=\"clear:both;display:block;\"><\/div><div class=\"vlthemes_custom_69e611b17d28d   vlt-animation-block\" data-aos=\"fade\" data-aos-delay=\"200\">\n\t<div class=\"wpb_text_column wpb_content_element  vc_custom_1716407171991\" >\n\t\t<div class=\"wpb_wrapper\">\n\t\t\t<p>I love identifying problems and making people's lives easier through innovative solutions.<\/p>\n<p>\ud83e\uddb8\ud83c\udffb\u200d\u2640\ufe0f Empathy is my superpower. It allows me to deeply understand customers' pains and to embrace teamwork.<\/p>\n<p>\ud83d\udcc8 Data-driven, analytical and critical thinker. I'm constantly asking why. Intuition is necessary but I prefer to rely on data to build valuable and viable products.<\/p>\n<p>\ud83d\udd04 Not afraid of failure. Although I try to reduce uncertainty with data, I trust in experimentation &amp; iterations.<\/p>\n<p>\ud83d\udcda Every day is an opportunity to learn and share knowledge. I combine my profession with teaching. Currently, I work as a lecturer in the Master's Degree in Digital Design at UNIR.<\/p>\n<p>\u2728 Minimalism as a way of life, at work and personally.<\/p>\n<p>\ud83c\udf0f My passion and my greatest source of inspiration is travelling.<\/p>\n<p>\ud83c\udfcb\ud83c\udffb\u200d\u2640\ufe0f Sport and music are part of my routine.<\/p>\n<p>\ud83c\udf76 In the free time I have left, I make pottery.<\/p>\n<p>&nbsp;<\/p>\n<h5><span style=\"color: #ee3364;\"><strong>Education<\/strong><\/span><\/h5>\n<p>I have a degree in Advertising and Public Relations from the <em>URJC<\/em>. I completed my degree with training in Product Design at <em>La Nave Nodriza<\/em> and Product Management at <em>The Hero Camp <\/em>and<em> Reforge.<\/em><\/p>\n<p>&nbsp;<\/p>\n<h5><span style=\"color: #ee3364;\"><strong>Experience<\/strong><\/span><\/h5>\n\n\t\t<\/div>\n\t<\/div>\n<\/div><div class=\"ult-spacer spacer-69e611b17d3cf\" data-id=\"69e611b17d3cf\" data-height=\"40\" data-height-mobile=\"40\" data-height-tab=\"40\" data-height-tab-portrait=\"\" data-height-mobile-landscape=\"\" style=\"clear:both;display:block;\"><\/div><div class=\"vlthemes_custom_69e611b17d3df   vlt-animation-block\" data-aos=\"fade\" data-aos-delay=\"300\">\n\t\t\t<ul class=\"vlthemes_custom_69e611b17d433   vlt-timeline\">\n\t\t\t\t<li class=\"vlt-timeline__item\"><div class=\"vlt-timeline__item-meta\"><strong>Currently<\/strong><em> <\/em><\/div><div class=\"vlt-timeline__item-content\"><h6>Alan<\/h6><p>Senior Product Designer<\/p><\/div><\/li><li class=\"vlt-timeline__item\"><div class=\"vlt-timeline__item-meta\"><strong>2022 - 2023<\/strong><em> <\/em><\/div><div class=\"vlt-timeline__item-content\"><h6>Factorial HR<\/h6><p>Senior Product Manager<\/p><\/div><\/li><li class=\"vlt-timeline__item\"><div class=\"vlt-timeline__item-meta\"><strong>2020 - 2022<\/strong><em> <\/em><\/div><div class=\"vlt-timeline__item-content\"><h6>Iberia<\/h6><p>Product and Design Lead<\/p><\/div><\/li><li class=\"vlt-timeline__item\"><div class=\"vlt-timeline__item-meta\"><strong>2019 - 2020<\/strong><em> <\/em><\/div><div class=\"vlt-timeline__item-content\"><h6>Flat 101<\/h6><p>Senior Product Designer &amp; CRO<\/p><\/div><\/li><li class=\"vlt-timeline__item\"><div class=\"vlt-timeline__item-meta\"><strong>2018 - 2019<\/strong><em> <\/em><\/div><div class=\"vlt-timeline__item-content\"><h6>Minsait<\/h6><p>Senior Product Designer<\/p><\/div><\/li><li class=\"vlt-timeline__item\"><div class=\"vlt-timeline__item-meta\"><strong>2015 - 2018<\/strong><em> <\/em><\/div><div class=\"vlt-timeline__item-content\"><h6>Pullmantur Cruises<\/h6><p>Product Designer<\/p><\/div><\/li><li class=\"vlt-timeline__item\"><div class=\"vlt-timeline__item-meta\"><strong>2014 - 2015<\/strong><em>  <\/em><\/div><div class=\"vlt-timeline__item-content\"><h6>Moviplans<\/h6><p>Digital Designer &amp; Copy<\/p><\/div><\/li><li class=\"vlt-timeline__item\"><div class=\"vlt-timeline__item-meta\"><strong>2013 - 2014<\/strong><em> <\/em><\/div><div class=\"vlt-timeline__item-content\"><h6>Merchanfactory<\/h6><p>Graphic Designer<\/p><\/div><\/li>\t\t\t<\/ul>\n\n\t\t\t<\/div><div class=\"ult-spacer spacer-69e611b17d4c5\" data-id=\"69e611b17d4c5\" data-height=\"50\" data-height-mobile=\"50\" data-height-tab=\"50\" data-height-tab-portrait=\"\" data-height-mobile-landscape=\"\" style=\"clear:both;display:block;\"><\/div><div class=\"vlthemes_custom_69e611b17d4d2   vlt-animation-block\" data-aos=\"fade\" data-aos-delay=\"400\"><a href=\"https:\/\/es.linkedin.com\/in\/bearubio\" class=\"vlthemes_custom_69e611b17d51f   vlt-btn vlt-btn--primary vlt-btn--md vlt-btn--effect\"><span>MORE INFO<\/span><\/a><\/div><div class=\"ult-spacer spacer-69e611b17d553\" data-id=\"69e611b17d553\" data-height=\"120\" data-height-mobile=\"120\" data-height-tab=\"120\" data-height-tab-portrait=\"\" data-height-mobile-landscape=\"\" style=\"clear:both;display:block;\"><\/div><\/div><\/div><\/div><div class=\"wpb_column vc_column_container vc_col-sm-6 vc_hidden-sm vc_hidden-xs\"><div class=\"vc_column-inner\"><div class=\"wpb_wrapper\"><a href=\"http:\/\/bearubio.com\/en\/contacto\/\" title=\"Contact\" class=\"vlthemes_custom_69e611b17d610 vlt-custom--5388  vlt-btn vlt-btn--primary vlt-btn--lg vlt-btn--effect\"><span><i class=\"leedo-envelope\"><\/i><\/span><\/a><\/div><\/div><\/div><div class=\"nk-awb  nk-awb-after-vc_column\" ><div class=\"nk-awb-wrap\" data-awb-type=\"image\" data-awb-stretch=\"true\" data-awb-image-background-size=\"cover\" data-awb-image-background-position=\"50% 50%\" data-awb-mouse-parallax-size=\"30\" data-awb-mouse-parallax-speed=\"10000\"><div  class=\"nk-awb-inner\"><img decoding=\"async\" width=\"1920\" height=\"1543\" src=\"https:\/\/bearubio.com\/wp-content\/uploads\/2018\/10\/be-1920x1543.jpg\" class=\"jarallax-img\" alt=\"foto\" style=\"object-position: 50% 50%;\" srcset=\"https:\/\/bearubio.com\/wp-content\/uploads\/2018\/10\/be-1920x1543.jpg 1920w, https:\/\/bearubio.com\/wp-content\/uploads\/2018\/10\/be-300x241.jpg 300w, https:\/\/bearubio.com\/wp-content\/uploads\/2018\/10\/be-1024x823.jpg 1024w, https:\/\/bearubio.com\/wp-content\/uploads\/2018\/10\/be-768x617.jpg 768w, https:\/\/bearubio.com\/wp-content\/uploads\/2018\/10\/be-500x402.jpg 500w, https:\/\/bearubio.com\/wp-content\/uploads\/2018\/10\/be-800x643.jpg 800w, https:\/\/bearubio.com\/wp-content\/uploads\/2018\/10\/be-1280x1029.jpg 1280w, https:\/\/bearubio.com\/wp-content\/uploads\/2018\/10\/be-1536x1235.jpg 1536w, https:\/\/bearubio.com\/wp-content\/uploads\/2018\/10\/be-2048x1646.jpg 2048w\" sizes=\"(max-width: 1920px) 100vw, 1920px\" loading=\"lazy\" \/><\/div><\/div><\/div><\/div><\/section>","protected":false},"excerpt":{"rendered":"Sobre m\u00edDescubro problemas y dise\u00f1o soluciones digitales. Me encanta identificar problemas y facilitar la vida de las personas a trav\u00e9s de soluciones innovadoras. \ud83e\uddb8\ud83c\udffb\u200d\u2640\ufe0f La empat\u00eda es mi superpoder. Esto me hace entender mejor los problemas de los clientes y disfrutar del trabajo en equipo. \ud83d\udcc8 Data-driven, anal\u00edtica, resolutiva y con pensamiento cr\u00edtico. Siempre me [...]","protected":false},"author":1,"featured_media":0,"parent":0,"menu_order":32,"comment_status":"closed","ping_status":"closed","template":"template-custom-page.php","meta":{"_vp_format_video_url":"","_vp_image_focal_point":[],"footnotes":""},"class_list":["post-580","page","type-page","status-publish","hentry"],"_links":{"self":[{"href":"https:\/\/bearubio.com\/en\/wp-json\/wp\/v2\/pages\/580","targetHints":{"allow":["GET"]}}],"collection":[{"href":"https:\/\/bearubio.com\/en\/wp-json\/wp\/v2\/pages"}],"about":[{"href":"https:\/\/bearubio.com\/en\/wp-json\/wp\/v2\/types\/page"}],"author":[{"embeddable":true,"href":"https:\/\/bearubio.com\/en\/wp-json\/wp\/v2\/users\/1"}],"replies":[{"embeddable":true,"href":"https:\/\/bearubio.com\/en\/wp-json\/wp\/v2\/comments?post=580"}],"version-history":[{"count":0,"href":"https:\/\/bearubio.com\/en\/wp-json\/wp\/v2\/pages\/580\/revisions"}],"wp:attachment":[{"href":"https:\/\/bearubio.com\/en\/wp-json\/wp\/v2\/media?parent=580"}],"curies":[{"name":"wp","href":"https:\/\/api.w.org\/{rel}","templated":true}]}}